{"id":6717,"date":"2024-01-25T18:37:05","date_gmt":"2024-01-25T17:37:05","guid":{"rendered":"https:\/\/alfrescovillas.com\/segelyacht-nirvana\/"},"modified":"2024-01-26T13:08:05","modified_gmt":"2024-01-26T12:08:05","slug":"segelyacht-nirvana","status":"publish","type":"page","link":"https:\/\/alfrescovillas.com\/de\/segelyacht-nirvana\/","title":{"rendered":"Segelyacht"},"content":{"rendered":"<p><div class=\"fusion-fullwidth fullwidth-box fusion-builder-row-1 fusion-flex-container nonhundred-percent-fullwidth non-hundred-percent-height-scrolling\" style=\"--awb-border-radius-top-left:0px;--awb-border-radius-top-right:0px;--awb-border-radius-bottom-right:0px;--awb-border-radius-bottom-left:0px;--awb-flex-wrap:wrap;\" ><div class=\"fusion-builder-row fusion-row fusion-flex-align-items-flex-start fusion-flex-content-wrap\" style=\"max-width:1248px;margin-left: calc(-4% \/ 2 );margin-right: calc(-4% \/ 2 );\"><div class=\"fusion-layout-column fusion_builder_column fusion-builder-column-0 fusion_builder_column_1_1 1_1 fusion-flex-column\" style=\"--awb-bg-size:cover;--awb-width-large:100%;--awb-margin-top-large:0px;--awb-spacing-right-large:1.92%;--awb-margin-bottom-large:20px;--awb-spacing-left-large:1.92%;--awb-width-medium:100%;--awb-order-medium:0;--awb-spacing-right-medium:1.92%;--awb-spacing-left-medium:1.92%;--awb-width-small:100%;--awb-order-small:0;--awb-spacing-right-small:1.92%;--awb-spacing-left-small:1.92%;\"><div class=\"fusion-column-wrapper fusion-column-has-shadow fusion-flex-justify-content-flex-start fusion-content-layout-column\"><div class=\"fusion-title title fusion-title-1 fusion-sep-none fusion-title-text fusion-title-size-two\" style=\"--awb-margin-top-small:10px;--awb-margin-right-small:0px;--awb-margin-bottom-small:10px;--awb-margin-left-small:0px;\"><h2 class=\"fusion-title-heading title-heading-left fusion-responsive-typography-calculated\" style=\"margin:0;--fontSize:40;line-height:1.2;\"><h3>Entfliehen Sie den Menschenmassen auf der Segelyacht Nirvana mit Sail Ionion<\/h3><\/h2><\/div><div class=\"fusion-separator\" style=\"align-self: flex-start;margin-right:auto;margin-bottom:30px;width:100%;max-width:100px;\"><div class=\"fusion-separator-border sep-shadow\" style=\"--awb-height:20px;--awb-amount:20px;background:radial-gradient(ellipse at 50% -50% , #a8977b 0px, rgba(255, 255, 255, 0) 80%) repeat scroll 0 0 rgba(0, 0, 0, 0);background:-webkit-radial-gradient(ellipse at 50% -50% , #a8977b 0px, rgba(255, 255, 255, 0) 80%) repeat scroll 0 0 rgba(0, 0, 0, 0);background:-moz-radial-gradient(ellipse at 50% -50% , #a8977b 0px, rgba(255, 255, 255, 0) 80%) repeat scroll 0 0 rgba(0, 0, 0, 0);background:-o-radial-gradient(ellipse at 50% -50% , #a8977b 0px, rgba(255, 255, 255, 0) 80%) repeat scroll 0 0 rgba(0, 0, 0, 0);\"><\/div><\/div><div class=\"fusion-text fusion-text-1\" style=\"--awb-text-transform:none;\"><p>Wenn Sie auf der Suche nach einem Urlaub sind, der vollgepackt ist mit Abenteuern in einer wundersch\u00f6nen Umgebung, w\u00e4hrend Sie sich im Reich der Freiheit entspannen k\u00f6nnen, dann ist ein Yachtcharter mit Sail Ionian genau das Richtige f\u00fcr Sie. Das Ionische Meer ist ein wundersch\u00f6nes Segelrevier mit sch\u00f6nen Inseln, malerischen St\u00e4dten und vielen Ankerbuchten.<\/p>\n<p>Wenn Sie bereits qualifiziert sind, dann ist ein Bareboat-Charter-Boot perfekt f\u00fcr Sie, und unsere Option des assistierten Segelns ist ideal f\u00fcr diejenigen, die ein Zertifikat besitzen, aber einige F\u00e4higkeiten mit einem Skipper f\u00fcr ein oder zwei Tage auffrischen m\u00fcssen. Wenn Sie in der Hochsaison mit uns segeln, k\u00f6nnen Sie sich unserer geselligen informellen Flottille anschlie\u00dfen, die Ihnen t\u00e4glich beim Anlegen hilft und Ihnen Expertentipps zu den abgelegenen H\u00e4fen und Buchten gibt. Flottillenurlaub in Griechenland ist sehr beliebt und nimmt Ihnen den Stress, in den Sommermonaten einen Liegeplatz zu finden!<\/p>\n<\/div><\/div><\/div><\/div><\/div><div class=\"fusion-fullwidth fullwidth-box fusion-builder-row-2 fusion-flex-container has-pattern-background has-mask-background nonhundred-percent-fullwidth non-hundred-percent-height-scrolling\" style=\"--awb-border-radius-top-left:0px;--awb-border-radius-top-right:0px;--awb-border-radius-bottom-right:0px;--awb-border-radius-bottom-left:0px;--awb-flex-wrap:wrap;\" ><div class=\"fusion-builder-row fusion-row fusion-flex-align-items-flex-start fusion-flex-content-wrap\" style=\"max-width:1248px;margin-left: calc(-4% \/ 2 );margin-right: calc(-4% \/ 2 );\"><div class=\"fusion-layout-column fusion_builder_column fusion-builder-column-1 fusion_builder_column_1_1 1_1 fusion-flex-column\" style=\"--awb-bg-size:cover;--awb-width-large:100%;--awb-margin-top-large:0px;--awb-spacing-right-large:1.92%;--awb-margin-bottom-large:20px;--awb-spacing-left-large:1.92%;--awb-width-medium:100%;--awb-order-medium:0;--awb-spacing-right-medium:1.92%;--awb-spacing-left-medium:1.92%;--awb-width-small:100%;--awb-order-small:0;--awb-spacing-right-small:1.92%;--awb-spacing-left-small:1.92%;\"><div class=\"fusion-column-wrapper fusion-column-has-shadow fusion-flex-justify-content-flex-start fusion-content-layout-column\"><div class=\"fusion-title title fusion-title-2 fusion-sep-none fusion-title-text fusion-title-size-two\" style=\"--awb-margin-top-small:10px;--awb-margin-right-small:0px;--awb-margin-bottom-small:10px;--awb-margin-left-small:0px;\"><h2 class=\"fusion-title-heading title-heading-left fusion-responsive-typography-calculated\" style=\"margin:0;--fontSize:40;line-height:1.2;\"><h3>Segelyacht Nirvana<\/h3><\/h2><\/div><div class=\"fusion-separator\" style=\"align-self: flex-start;margin-right:auto;margin-bottom:30px;width:100%;max-width:100px;\"><div class=\"fusion-separator-border sep-shadow\" style=\"--awb-height:20px;--awb-amount:20px;background:radial-gradient(ellipse at 50% -50% , #a8977b 0px, rgba(255, 255, 255, 0) 80%) repeat scroll 0 0 rgba(0, 0, 0, 0);background:-webkit-radial-gradient(ellipse at 50% -50% , #a8977b 0px, rgba(255, 255, 255, 0) 80%) repeat scroll 0 0 rgba(0, 0, 0, 0);background:-moz-radial-gradient(ellipse at 50% -50% , #a8977b 0px, rgba(255, 255, 255, 0) 80%) repeat scroll 0 0 rgba(0, 0, 0, 0);background:-o-radial-gradient(ellipse at 50% -50% , #a8977b 0px, rgba(255, 255, 255, 0) 80%) repeat scroll 0 0 rgba(0, 0, 0, 0);\"><\/div><\/div><div class=\"fusion-text fusion-text-2\"><p>Diese neue luxuri\u00f6se 3-Kabinen Bavaria C42 (2023) mit 2 Badezimmern wird es zu einem Vergn\u00fcgen machen, um die Ionischen Inseln zu segeln. Der Rumpf ist innovativ und garantiert beste Segeleigenschaften und ein gro\u00dfes Platzangebot unter Deck. Genie\u00dfen Sie ein ger\u00e4umiges Cockpit, eine gro\u00dfe Badeplattform und einen au\u00dfergew\u00f6hnlich komfortablen Wohnbereich. Das Vordeck und die Seitendecks bieten viel Platz f\u00fcr eine Segelyacht dieser Gr\u00f6\u00dfe.<\/p>\n<p>Weitere Informationen finden Sie auf der Website von <a href=\"https:\/\/www.sailionian.com\/charter-yachts\/bavaria-c42\/?tab=5\" target=\"_blank\" rel=\"noopener noreferrer\">Sail Ionion<\/a>.<\/p>\n<\/div><\/div><\/div><\/div><\/div><div class=\"fusion-fullwidth fullwidth-box fusion-builder-row-3 fusion-flex-container has-pattern-background has-mask-background nonhundred-percent-fullwidth non-hundred-percent-height-scrolling\" style=\"--awb-border-radius-top-left:0px;--awb-border-radius-top-right:0px;--awb-border-radius-bottom-right:0px;--awb-border-radius-bottom-left:0px;--awb-flex-wrap:wrap;\" ><div class=\"fusion-builder-row fusion-row fusion-flex-align-items-flex-start fusion-flex-content-wrap\" style=\"max-width:1248px;margin-left: calc(-4% \/ 2 );margin-right: calc(-4% \/ 2 );\"><div class=\"fusion-layout-column fusion_builder_column fusion-builder-column-2 fusion_builder_column_2_5 2_5 fusion-flex-column\" style=\"--awb-bg-size:cover;--awb-width-large:40%;--awb-margin-top-large:0px;--awb-spacing-right-large:4.8%;--awb-margin-bottom-large:20px;--awb-spacing-left-large:4.8%;--awb-width-medium:40%;--awb-order-medium:0;--awb-spacing-right-medium:4.8%;--awb-spacing-left-medium:4.8%;--awb-width-small:100%;--awb-order-small:0;--awb-spacing-right-small:1.92%;--awb-spacing-left-small:1.92%;\"><div class=\"fusion-column-wrapper fusion-column-has-shadow fusion-flex-justify-content-flex-start fusion-content-layout-column\"><div class=\"fusion-image-element \" style=\"--awb-caption-title-font-family:var(--h2_typography-font-family);--awb-caption-title-font-weight:var(--h2_typography-font-weight);--awb-caption-title-font-style:var(--h2_typography-font-style);--awb-caption-title-size:var(--h2_typography-font-size);--awb-caption-title-transform:var(--h2_typography-text-transform);--awb-caption-title-line-height:var(--h2_typography-line-height);--awb-caption-title-letter-spacing:var(--h2_typography-letter-spacing);\"><span class=\" fusion-imageframe imageframe-none imageframe-1 hover-type-none\"><a class=\"fusion-no-lightbox\" href=\"https:\/\/www.sailionian.com\/charter-yachts\/bavaria-c42\/?tab=5\" target=\"_blank\" aria-label=\"sail-ionian-logo\" rel=\"noopener noreferrer\"><img decoding=\"async\" width=\"182\" height=\"80\" src=\"https:\/\/alfrescovillas.com\/wp-content\/uploads\/2024\/01\/sail-ionian-logo.png\" alt class=\"img-responsive wp-image-6702\"\/><\/a><\/span><\/div><div class=\"fusion-separator fusion-full-width-sep\" style=\"align-self: center;margin-left: auto;margin-right: auto;margin-top:20px;width:100%;\"><\/div><ul style=\"--awb-line-height:27.2px;--awb-icon-width:27.2px;--awb-icon-height:27.2px;--awb-icon-margin:11.2px;--awb-content-margin:38.4px;--awb-circlecolor:#ab8b65;--awb-circle-yes-font-size:14.08px;\" class=\"fusion-checklist fusion-checklist-1 fusion-checklist-default type-icons\"><li class=\"fusion-li-item\" style=\"\"><span class=\"icon-wrapper circle-yes\"><i class=\"fusion-li-icon fa-map-marker-alt fas\" aria-hidden=\"true\"><\/i><\/span><div class=\"fusion-li-item-content\">\n<p>The Quay, Vliho,<br \/>\nLefkada, 31084 Griechenland<\/p>\n<\/div><\/li><li class=\"fusion-li-item\" style=\"\"><span class=\"icon-wrapper circle-yes\"><i class=\"fusion-li-icon fa-phone fas\" aria-hidden=\"true\"><\/i><\/span><div class=\"fusion-li-item-content\">\n<p>+30 26450 95137<\/p>\n<\/div><\/li><\/ul><\/div><\/div><\/div><\/div><\/p>\n","protected":false},"excerpt":{"rendered":"","protected":false},"author":1,"featured_media":0,"parent":0,"menu_order":0,"comment_status":"closed","ping_status":"closed","template":"","meta":{"_joinchat":[],"footnotes":""},"class_list":["post-6717","page","type-page","status-publish","hentry"],"yoast_head":"<!-- This site is optimized with the Yoast SEO plugin v27.3 - https:\/\/yoast.com\/product\/yoast-seo-wordpress\/ -->\n<title>Segelyacht | Alfresco Villas<\/title>\n<meta name=\"robots\" content=\"index, follow, max-snippet:-1, max-image-preview:large, max-video-preview:-1\" \/>\n<link rel=\"canonical\" href=\"https:\/\/alfrescovillas.com\/de\/segelyacht-nirvana\/\" \/>\n<meta property=\"og:locale\" content=\"de_DE\" \/>\n<meta property=\"og:type\" content=\"article\" \/>\n<meta property=\"og:title\" content=\"Segelyacht | Alfresco Villas\" \/>\n<meta property=\"og:url\" content=\"https:\/\/alfrescovillas.com\/de\/segelyacht-nirvana\/\" \/>\n<meta property=\"og:site_name\" content=\"Alfresco Villas\" \/>\n<meta property=\"article:modified_time\" content=\"2024-01-26T12:08:05+00:00\" \/>\n<meta name=\"twitter:card\" content=\"summary_large_image\" \/>\n<meta name=\"twitter:label1\" content=\"Gesch\u00e4tzte Lesezeit\" \/>\n\t<meta name=\"twitter:data1\" content=\"2\u00a0Minuten\" \/>\n<script type=\"application\/ld+json\" class=\"yoast-schema-graph\">{\"@context\":\"https:\\\/\\\/schema.org\",\"@graph\":[{\"@type\":\"WebPage\",\"@id\":\"https:\\\/\\\/alfrescovillas.com\\\/de\\\/segelyacht-nirvana\\\/\",\"url\":\"https:\\\/\\\/alfrescovillas.com\\\/de\\\/segelyacht-nirvana\\\/\",\"name\":\"Segelyacht | Alfresco Villas\",\"isPartOf\":{\"@id\":\"https:\\\/\\\/alfrescovillas.com\\\/de\\\/#website\"},\"datePublished\":\"2024-01-25T17:37:05+00:00\",\"dateModified\":\"2024-01-26T12:08:05+00:00\",\"breadcrumb\":{\"@id\":\"https:\\\/\\\/alfrescovillas.com\\\/de\\\/segelyacht-nirvana\\\/#breadcrumb\"},\"inLanguage\":\"de\",\"potentialAction\":[{\"@type\":\"ReadAction\",\"target\":[\"https:\\\/\\\/alfrescovillas.com\\\/de\\\/segelyacht-nirvana\\\/\"]}]},{\"@type\":\"BreadcrumbList\",\"@id\":\"https:\\\/\\\/alfrescovillas.com\\\/de\\\/segelyacht-nirvana\\\/#breadcrumb\",\"itemListElement\":[{\"@type\":\"ListItem\",\"position\":1,\"name\":\"Home\",\"item\":\"https:\\\/\\\/alfrescovillas.com\\\/de\\\/\"},{\"@type\":\"ListItem\",\"position\":2,\"name\":\"Segelyacht\"}]},{\"@type\":\"WebSite\",\"@id\":\"https:\\\/\\\/alfrescovillas.com\\\/de\\\/#website\",\"url\":\"https:\\\/\\\/alfrescovillas.com\\\/de\\\/\",\"name\":\"Alfresco Villas\",\"description\":\"Traumurlaub in Griechenland\",\"publisher\":{\"@id\":\"https:\\\/\\\/alfrescovillas.com\\\/de\\\/#organization\"},\"potentialAction\":[{\"@type\":\"SearchAction\",\"target\":{\"@type\":\"EntryPoint\",\"urlTemplate\":\"https:\\\/\\\/alfrescovillas.com\\\/de\\\/?s={search_term_string}\"},\"query-input\":{\"@type\":\"PropertyValueSpecification\",\"valueRequired\":true,\"valueName\":\"search_term_string\"}}],\"inLanguage\":\"de\"},{\"@type\":\"Organization\",\"@id\":\"https:\\\/\\\/alfrescovillas.com\\\/de\\\/#organization\",\"name\":\"Alfresco Villas\",\"url\":\"https:\\\/\\\/alfrescovillas.com\\\/de\\\/\",\"logo\":{\"@type\":\"ImageObject\",\"inLanguage\":\"de\",\"@id\":\"https:\\\/\\\/alfrescovillas.com\\\/de\\\/#\\\/schema\\\/logo\\\/image\\\/\",\"url\":\"https:\\\/\\\/alfrescovillas.com\\\/wp-content\\\/uploads\\\/2022\\\/02\\\/Alfresco-Villas-Logo-large.png\",\"contentUrl\":\"https:\\\/\\\/alfrescovillas.com\\\/wp-content\\\/uploads\\\/2022\\\/02\\\/Alfresco-Villas-Logo-large.png\",\"width\":355,\"height\":114,\"caption\":\"Alfresco Villas\"},\"image\":{\"@id\":\"https:\\\/\\\/alfrescovillas.com\\\/de\\\/#\\\/schema\\\/logo\\\/image\\\/\"}}]}<\/script>\n<!-- \/ Yoast SEO plugin. -->","yoast_head_json":{"title":"Segelyacht | Alfresco Villas","robots":{"index":"index","follow":"follow","max-snippet":"max-snippet:-1","max-image-preview":"max-image-preview:large","max-video-preview":"max-video-preview:-1"},"canonical":"https:\/\/alfrescovillas.com\/de\/segelyacht-nirvana\/","og_locale":"de_DE","og_type":"article","og_title":"Segelyacht | Alfresco Villas","og_url":"https:\/\/alfrescovillas.com\/de\/segelyacht-nirvana\/","og_site_name":"Alfresco Villas","article_modified_time":"2024-01-26T12:08:05+00:00","twitter_card":"summary_large_image","twitter_misc":{"Gesch\u00e4tzte Lesezeit":"2\u00a0Minuten"},"schema":{"@context":"https:\/\/schema.org","@graph":[{"@type":"WebPage","@id":"https:\/\/alfrescovillas.com\/de\/segelyacht-nirvana\/","url":"https:\/\/alfrescovillas.com\/de\/segelyacht-nirvana\/","name":"Segelyacht | Alfresco Villas","isPartOf":{"@id":"https:\/\/alfrescovillas.com\/de\/#website"},"datePublished":"2024-01-25T17:37:05+00:00","dateModified":"2024-01-26T12:08:05+00:00","breadcrumb":{"@id":"https:\/\/alfrescovillas.com\/de\/segelyacht-nirvana\/#breadcrumb"},"inLanguage":"de","potentialAction":[{"@type":"ReadAction","target":["https:\/\/alfrescovillas.com\/de\/segelyacht-nirvana\/"]}]},{"@type":"BreadcrumbList","@id":"https:\/\/alfrescovillas.com\/de\/segelyacht-nirvana\/#breadcrumb","itemListElement":[{"@type":"ListItem","position":1,"name":"Home","item":"https:\/\/alfrescovillas.com\/de\/"},{"@type":"ListItem","position":2,"name":"Segelyacht"}]},{"@type":"WebSite","@id":"https:\/\/alfrescovillas.com\/de\/#website","url":"https:\/\/alfrescovillas.com\/de\/","name":"Alfresco Villas","description":"Traumurlaub in Griechenland","publisher":{"@id":"https:\/\/alfrescovillas.com\/de\/#organization"},"potentialAction":[{"@type":"SearchAction","target":{"@type":"EntryPoint","urlTemplate":"https:\/\/alfrescovillas.com\/de\/?s={search_term_string}"},"query-input":{"@type":"PropertyValueSpecification","valueRequired":true,"valueName":"search_term_string"}}],"inLanguage":"de"},{"@type":"Organization","@id":"https:\/\/alfrescovillas.com\/de\/#organization","name":"Alfresco Villas","url":"https:\/\/alfrescovillas.com\/de\/","logo":{"@type":"ImageObject","inLanguage":"de","@id":"https:\/\/alfrescovillas.com\/de\/#\/schema\/logo\/image\/","url":"https:\/\/alfrescovillas.com\/wp-content\/uploads\/2022\/02\/Alfresco-Villas-Logo-large.png","contentUrl":"https:\/\/alfrescovillas.com\/wp-content\/uploads\/2022\/02\/Alfresco-Villas-Logo-large.png","width":355,"height":114,"caption":"Alfresco Villas"},"image":{"@id":"https:\/\/alfrescovillas.com\/de\/#\/schema\/logo\/image\/"}}]}},"_links":{"self":[{"href":"https:\/\/alfrescovillas.com\/de\/wp-json\/wp\/v2\/pages\/6717","targetHints":{"allow":["GET"]}}],"collection":[{"href":"https:\/\/alfrescovillas.com\/de\/wp-json\/wp\/v2\/pages"}],"about":[{"href":"https:\/\/alfrescovillas.com\/de\/wp-json\/wp\/v2\/types\/page"}],"author":[{"embeddable":true,"href":"https:\/\/alfrescovillas.com\/de\/wp-json\/wp\/v2\/users\/1"}],"replies":[{"embeddable":true,"href":"https:\/\/alfrescovillas.com\/de\/wp-json\/wp\/v2\/comments?post=6717"}],"version-history":[{"count":29,"href":"https:\/\/alfrescovillas.com\/de\/wp-json\/wp\/v2\/pages\/6717\/revisions"}],"predecessor-version":[{"id":6791,"href":"https:\/\/alfrescovillas.com\/de\/wp-json\/wp\/v2\/pages\/6717\/revisions\/6791"}],"wp:attachment":[{"href":"https:\/\/alfrescovillas.com\/de\/wp-json\/wp\/v2\/media?parent=6717"}],"curies":[{"name":"wp","href":"https:\/\/api.w.org\/{rel}","templated":true}]}}