{"id":5559,"date":"2023-05-13T13:01:40","date_gmt":"2023-05-13T11:01:40","guid":{"rendered":"https:\/\/alfrescovillas.com\/buchen\/"},"modified":"2025-07-17T09:52:44","modified_gmt":"2025-07-17T07:52:44","slug":"buchen","status":"publish","type":"page","link":"https:\/\/alfrescovillas.com\/de\/buchen\/","title":{"rendered":"Buchen"},"content":{"rendered":"<p><div class=\"fusion-fullwidth fullwidth-box fusion-builder-row-1 fusion-flex-container has-pattern-background has-mask-background nonhundred-percent-fullwidth non-hundred-percent-height-scrolling\" style=\"--awb-border-radius-top-left:0px;--awb-border-radius-top-right:0px;--awb-border-radius-bottom-right:0px;--awb-border-radius-bottom-left:0px;--awb-flex-wrap:wrap;\" ><div class=\"fusion-builder-row fusion-row fusion-flex-align-items-center fusion-flex-justify-content-center fusion-flex-content-wrap\" style=\"max-width:1248px;margin-left: calc(-4% \/ 2 );margin-right: calc(-4% \/ 2 );\"><div class=\"fusion-layout-column fusion_builder_column fusion-builder-column-0 fusion_builder_column_1_1 1_1 fusion-flex-column fusion-flex-align-self-center\" style=\"--awb-bg-size:cover;--awb-width-large:100%;--awb-margin-top-large:0px;--awb-spacing-right-large:1.92%;--awb-margin-bottom-large:20px;--awb-spacing-left-large:1.92%;--awb-width-medium:100%;--awb-order-medium:0;--awb-spacing-right-medium:1.92%;--awb-spacing-left-medium:1.92%;--awb-width-small:100%;--awb-order-small:0;--awb-spacing-right-small:1.92%;--awb-spacing-left-small:1.92%;\" data-scroll-devices=\"small-visibility,medium-visibility,large-visibility\"><div class=\"fusion-column-wrapper fusion-column-has-shadow fusion-flex-justify-content-center fusion-content-layout-column\"><div class=\"fusion-title title fusion-title-1 fusion-sep-none fusion-title-center fusion-title-text fusion-title-size-two\" style=\"--awb-margin-top-small:10px;--awb-margin-right-small:0px;--awb-margin-bottom-small:10px;--awb-margin-left-small:0px;\"><h2 class=\"fusion-title-heading title-heading-center fusion-responsive-typography-calculated\" style=\"margin:0;--fontSize:40;line-height:1.2;\"><h2>Buchen Sie hier Ihren Traumurlaub<\/h2><\/h2><\/div><div class=\"fusion-separator\" style=\"align-self: center;margin-left: auto;margin-right: auto;margin-top:-20px;width:100%;max-width:100px;\"><div class=\"fusion-separator-border sep-shadow\" style=\"--awb-height:20px;--awb-amount:20px;background:radial-gradient(ellipse at 50% -50% , #a8977b 0px, rgba(255, 255, 255, 0) 80%) repeat scroll 0 0 rgba(0, 0, 0, 0);background:-webkit-radial-gradient(ellipse at 50% -50% , #a8977b 0px, rgba(255, 255, 255, 0) 80%) repeat scroll 0 0 rgba(0, 0, 0, 0);background:-moz-radial-gradient(ellipse at 50% -50% , #a8977b 0px, rgba(255, 255, 255, 0) 80%) repeat scroll 0 0 rgba(0, 0, 0, 0);background:-o-radial-gradient(ellipse at 50% -50% , #a8977b 0px, rgba(255, 255, 255, 0) 80%) repeat scroll 0 0 rgba(0, 0, 0, 0);\"><\/div><\/div><\/div><\/div><\/div><\/div><div class=\"fusion-fullwidth fullwidth-box fusion-builder-row-2 fusion-flex-container has-pattern-background has-mask-background nonhundred-percent-fullwidth non-hundred-percent-height-scrolling\" style=\"--awb-border-radius-top-left:0px;--awb-border-radius-top-right:0px;--awb-border-radius-bottom-right:0px;--awb-border-radius-bottom-left:0px;--awb-flex-wrap:wrap;\" ><div class=\"fusion-builder-row fusion-row fusion-flex-align-items-center fusion-flex-justify-content-space-evenly fusion-flex-content-wrap\" style=\"max-width:1248px;margin-left: calc(-4% \/ 2 );margin-right: calc(-4% \/ 2 );\"><div class=\"fusion-layout-column fusion_builder_column fusion-builder-column-1 fusion_builder_column_1_1 1_1 fusion-flex-column fusion-flex-align-self-center\" style=\"--awb-bg-size:cover;--awb-width-large:100%;--awb-margin-top-large:0px;--awb-spacing-right-large:1.92%;--awb-margin-bottom-large:20px;--awb-spacing-left-large:1.92%;--awb-width-medium:100%;--awb-order-medium:0;--awb-spacing-right-medium:1.92%;--awb-spacing-left-medium:1.92%;--awb-width-small:100%;--awb-order-small:0;--awb-spacing-right-small:1.92%;--awb-spacing-left-small:1.92%;\" data-scroll-devices=\"small-visibility,medium-visibility,large-visibility\"><div class=\"fusion-column-wrapper fusion-column-has-shadow fusion-flex-justify-content-center fusion-content-layout-column\"><div class=\"fusion-text fusion-text-1\" style=\"--awb-text-transform:none;\"><p>Bitte sehen Sie im Kalender nach, ob eine Villa in dem von Ihnen gew\u00fcnschten Zeitraum verf\u00fcgbar ist. Wenn verf\u00fcgbar, k\u00f6nnen Sie sofort buchen, indem Sie die Felder unten ausf\u00fcllen und auf die Schaltfl\u00e4che SEARCH klicken. Sie werden sehen, welche Villa verf\u00fcgbar ist und was sie pro Nacht kostet. Wenn Sie auf die Schaltfl\u00e4che BOOK NOW klicken, wird Ihnen der Gesamtpreis angezeigt. Sie k\u00f6nnen sofort buchen und mit einer Kreditkarte bezahlen. Bei der Buchung bitten wir um eine Anzahlung von 10%. Die Rechnung \u00fcber den Restbetrag erhalten Sie 35 Tage vor dem Anreisedatum.<\/p>\n<p>Wenn Sie keine Kreditkarte besitzen oder eine Anfrage stellen m\u00f6chten, f\u00fcllen Sie bitte die nachstehenden Felder aus und klicken Sie auf die Schaltfl\u00e4che SEARCH. Sie k\u00f6nnen Ihre Villa ausw\u00e4hlen und auf die Schaltfl\u00e4che ENQUIRY klicken. F\u00fcllen Sie dann das Formular aus und klicken Sie auf SEND ENQUIRY. Wenn Sie innerhalb eines Tages keine E-Mail erhalten haben, \u00fcberpr\u00fcfen Sie bitte Ihren Spam-Ordner.<\/p>\n<\/div><\/div><\/div><\/div><\/div><div class=\"fusion-fullwidth fullwidth-box fusion-builder-row-3 fusion-flex-container nonhundred-percent-fullwidth non-hundred-percent-height-scrolling\" style=\"--awb-border-radius-top-left:0px;--awb-border-radius-top-right:0px;--awb-border-radius-bottom-right:0px;--awb-border-radius-bottom-left:0px;--awb-flex-wrap:wrap;\" ><div class=\"fusion-builder-row fusion-row fusion-flex-align-items-flex-start fusion-flex-content-wrap\" style=\"max-width:1248px;margin-left: calc(-4% \/ 2 );margin-right: calc(-4% \/ 2 );\"><div class=\"fusion-layout-column fusion_builder_column fusion-builder-column-2 fusion_builder_column_1_1 1_1 fusion-flex-column\" style=\"--awb-bg-size:cover;--awb-width-large:100%;--awb-margin-top-large:0px;--awb-spacing-right-large:1.92%;--awb-margin-bottom-large:20px;--awb-spacing-left-large:1.92%;--awb-width-medium:100%;--awb-order-medium:0;--awb-spacing-right-medium:1.92%;--awb-spacing-left-medium:1.92%;--awb-width-small:100%;--awb-order-small:0;--awb-spacing-right-small:1.92%;--awb-spacing-left-small:1.92%;\"><div class=\"fusion-column-wrapper fusion-column-has-shadow fusion-flex-justify-content-flex-start fusion-content-layout-column\"><div class=\"fusion-title title fusion-title-2 fusion-sep-none fusion-title-text fusion-title-size-two\" style=\"--awb-margin-top-small:10px;--awb-margin-right-small:0px;--awb-margin-bottom-small:10px;--awb-margin-left-small:0px;\"><h2 class=\"fusion-title-heading title-heading-left fusion-responsive-typography-calculated\" style=\"margin:0;--fontSize:40;line-height:1.2;\"><h2 style=\"text-align: center;\">Verf\u00fcgbarkeiten pr\u00fcfen<\/h2><\/h2><\/div><div class=\"fusion-separator\" style=\"align-self: center;margin-left: auto;margin-right: auto;margin-top:-20px;margin-bottom:30px;width:100%;max-width:100px;\"><div class=\"fusion-separator-border sep-shadow\" style=\"--awb-height:20px;--awb-amount:20px;background:radial-gradient(ellipse at 50% -50% , #a8977b 0px, rgba(255, 255, 255, 0) 80%) repeat scroll 0 0 rgba(0, 0, 0, 0);background:-webkit-radial-gradient(ellipse at 50% -50% , #a8977b 0px, rgba(255, 255, 255, 0) 80%) repeat scroll 0 0 rgba(0, 0, 0, 0);background:-moz-radial-gradient(ellipse at 50% -50% , #a8977b 0px, rgba(255, 255, 255, 0) 80%) repeat scroll 0 0 rgba(0, 0, 0, 0);background:-o-radial-gradient(ellipse at 50% -50% , #a8977b 0px, rgba(255, 255, 255, 0) 80%) repeat scroll 0 0 rgba(0, 0, 0, 0);\"><\/div><\/div><\/div><\/div><div class=\"fusion-layout-column fusion_builder_column fusion-builder-column-3 fusion_builder_column_1_2 1_2 fusion-flex-column\" style=\"--awb-bg-size:cover;--awb-width-large:50%;--awb-margin-top-large:0px;--awb-spacing-right-large:3.84%;--awb-margin-bottom-large:20px;--awb-spacing-left-large:3.84%;--awb-width-medium:50%;--awb-order-medium:0;--awb-spacing-right-medium:3.84%;--awb-spacing-left-medium:3.84%;--awb-width-small:100%;--awb-order-small:0;--awb-spacing-right-small:1.92%;--awb-spacing-left-small:1.92%;\"><div class=\"fusion-column-wrapper fusion-column-has-shadow fusion-flex-justify-content-flex-start fusion-content-layout-column\"><div class=\"fusion-title title fusion-title-3 fusion-sep-none fusion-title-center fusion-title-text fusion-title-size-three\" style=\"--awb-margin-top-small:10px;--awb-margin-right-small:0px;--awb-margin-bottom-small:10px;--awb-margin-left-small:0px;\"><h3 class=\"fusion-title-heading title-heading-center fusion-responsive-typography-calculated\" style=\"margin:0;--fontSize:32;line-height:1.3;\"><h2>Villa Nirvana<\/h2><\/h3><\/div><a class=\"tokeet-calendar-widget\" href=\"https:\/\/www.tokeet.com\" data-calendar-endpoint=\"https:\/\/calendars.tokeet.com\" data-rental-id=\"1d6e805f-20d1-4e36-aa8b-0e51e2938fc4\" data-rental-account=\"1547980259.2294\" data-calendar-months=\"1\" data-available-color=\"#BDE0B7\" data-unavailable-color=\"#ff5c5b\" data-font-family=\"Verdana\" data-font-size=\"14px\" data-sunday-first=\"true\">Tokeet Calendar<\/a><br \/>\n      <script src=\"https:\/\/widgets.tokeet.com\/bcalendar_setup.min.js\"><\/script><\/div><\/div><div class=\"fusion-layout-column fusion_builder_column fusion-builder-column-4 fusion_builder_column_1_2 1_2 fusion-flex-column\" style=\"--awb-bg-size:cover;--awb-width-large:50%;--awb-margin-top-large:0px;--awb-spacing-right-large:3.84%;--awb-margin-bottom-large:20px;--awb-spacing-left-large:3.84%;--awb-width-medium:50%;--awb-order-medium:0;--awb-spacing-right-medium:3.84%;--awb-spacing-left-medium:3.84%;--awb-width-small:100%;--awb-order-small:0;--awb-spacing-right-small:1.92%;--awb-spacing-left-small:1.92%;\"><div class=\"fusion-column-wrapper fusion-column-has-shadow fusion-flex-justify-content-flex-start fusion-content-layout-column\"><div class=\"fusion-title title fusion-title-4 fusion-sep-none fusion-title-center fusion-title-text fusion-title-size-three\" style=\"--awb-margin-top-small:10px;--awb-margin-right-small:0px;--awb-margin-bottom-small:10px;--awb-margin-left-small:0px;\"><h3 class=\"fusion-title-heading title-heading-center fusion-responsive-typography-calculated\" style=\"margin:0;--fontSize:32;line-height:1.3;\"><h2>Villa Tranquility<\/h2><\/h3><\/div><a class=\"tokeet-calendar-widget\" href=\"https:\/\/www.tokeet.com\" data-calendar-endpoint=\"https:\/\/calendars.tokeet.com\" data-rental-id=\"11109cb3-2c0e-489a-a73c-23efca20d28b\" data-rental-account=\"1547980259.2294\" data-calendar-months=\"1\" data-available-color=\"#BDE0B7\" data-unavailable-color=\"#ff5c5b\" data-font-family=\"Verdana\" data-font-size=\"14px\" data-sunday-first=\"true\">Tokeet Calendar<\/a><br \/>\n      <script src=\"https:\/\/widgets.tokeet.com\/bcalendar_setup.min.js\"><\/script><\/div><\/div><\/div><\/div><div class=\"fusion-fullwidth fullwidth-box fusion-builder-row-4 fusion-flex-container has-pattern-background has-mask-background nonhundred-percent-fullwidth non-hundred-percent-height-scrolling\" style=\"--awb-border-radius-top-left:0px;--awb-border-radius-top-right:0px;--awb-border-radius-bottom-right:0px;--awb-border-radius-bottom-left:0px;--awb-flex-wrap:wrap;\" ><div class=\"fusion-builder-row fusion-row fusion-flex-align-items-center fusion-flex-justify-content-space-evenly fusion-flex-content-wrap\" style=\"max-width:1248px;margin-left: calc(-4% \/ 2 );margin-right: calc(-4% \/ 2 );\"><div class=\"fusion-layout-column fusion_builder_column fusion-builder-column-5 fusion_builder_column_1_1 1_1 fusion-flex-column fusion-flex-align-self-center\" style=\"--awb-bg-size:cover;--awb-width-large:100%;--awb-margin-top-large:0px;--awb-spacing-right-large:1.92%;--awb-margin-bottom-large:20px;--awb-spacing-left-large:1.92%;--awb-width-medium:100%;--awb-order-medium:0;--awb-spacing-right-medium:1.92%;--awb-spacing-left-medium:1.92%;--awb-width-small:100%;--awb-order-small:0;--awb-spacing-right-small:1.92%;--awb-spacing-left-small:1.92%;\" data-scroll-devices=\"small-visibility,medium-visibility,large-visibility\"><div class=\"fusion-column-wrapper fusion-column-has-shadow fusion-flex-justify-content-center fusion-content-layout-row fusion-flex-align-items-center\"><script src=\"https:\/\/s3.amazonaws.com\/widgets.tokeet.com\/widgets\/interstitial\/interstitial-widget.js?1554438722\"><\/script><br \/>\n<script>\nwindow.tokeetIWSettings = {\n  \"element\": \"#widget\",\n  \"engineDomain\": \"alfrescovillas.booksafely.com\",\n  \"type\": \"inlineForm\",\n  \"showPrice\": true,\n  \"showMinimumStay\": true,\n  \"apiBaseUrl\": \"https:\/\/api.tokeet.com\/\",\n  \"apiMailBaseUrl\": \"https:\/\/api.tokeet.com\/web\",\n  \"style\": {\n    \"general\": {\n      \"fontFamily\": \"Verdana\"\n    },\n    \"button\": {\n      \"backgroundColor\": \"#a8977b\",\n      \"borderRadius\": 1\n    }\n  }\n};\n<\/script><\/p>\n<div id=\"widget\"><\/div>\n<\/div><\/div><\/div><\/div><\/p>\n","protected":false},"excerpt":{"rendered":"","protected":false},"author":1,"featured_media":0,"parent":0,"menu_order":0,"comment_status":"closed","ping_status":"closed","template":"","meta":{"_joinchat":[],"footnotes":""},"class_list":["post-5559","page","type-page","status-publish","hentry"],"yoast_head":"<!-- This site is optimized with the Yoast SEO plugin v27.3 - https:\/\/yoast.com\/product\/yoast-seo-wordpress\/ -->\n<title>Buchen | Alfresco Villas<\/title>\n<meta name=\"robots\" content=\"index, follow, max-snippet:-1, max-image-preview:large, max-video-preview:-1\" \/>\n<link rel=\"canonical\" href=\"https:\/\/alfrescovillas.com\/de\/buchen\/\" \/>\n<meta property=\"og:locale\" content=\"de_DE\" \/>\n<meta property=\"og:type\" content=\"article\" \/>\n<meta property=\"og:title\" content=\"Buchen | Alfresco Villas\" \/>\n<meta property=\"og:url\" content=\"https:\/\/alfrescovillas.com\/de\/buchen\/\" \/>\n<meta property=\"og:site_name\" content=\"Alfresco Villas\" \/>\n<meta property=\"article:modified_time\" content=\"2025-07-17T07:52:44+00:00\" \/>\n<meta name=\"twitter:card\" content=\"summary_large_image\" \/>\n<meta name=\"twitter:label1\" content=\"Gesch\u00e4tzte Lesezeit\" \/>\n\t<meta name=\"twitter:data1\" content=\"1\u00a0Minute\" \/>\n<script type=\"application\/ld+json\" class=\"yoast-schema-graph\">{\"@context\":\"https:\\\/\\\/schema.org\",\"@graph\":[{\"@type\":\"WebPage\",\"@id\":\"https:\\\/\\\/alfrescovillas.com\\\/de\\\/buchen\\\/\",\"url\":\"https:\\\/\\\/alfrescovillas.com\\\/de\\\/buchen\\\/\",\"name\":\"Buchen | Alfresco Villas\",\"isPartOf\":{\"@id\":\"https:\\\/\\\/alfrescovillas.com\\\/de\\\/#website\"},\"datePublished\":\"2023-05-13T11:01:40+00:00\",\"dateModified\":\"2025-07-17T07:52:44+00:00\",\"breadcrumb\":{\"@id\":\"https:\\\/\\\/alfrescovillas.com\\\/de\\\/buchen\\\/#breadcrumb\"},\"inLanguage\":\"de\",\"potentialAction\":[{\"@type\":\"ReadAction\",\"target\":[\"https:\\\/\\\/alfrescovillas.com\\\/de\\\/buchen\\\/\"]}]},{\"@type\":\"BreadcrumbList\",\"@id\":\"https:\\\/\\\/alfrescovillas.com\\\/de\\\/buchen\\\/#breadcrumb\",\"itemListElement\":[{\"@type\":\"ListItem\",\"position\":1,\"name\":\"Home\",\"item\":\"https:\\\/\\\/alfrescovillas.com\\\/de\\\/\"},{\"@type\":\"ListItem\",\"position\":2,\"name\":\"Buchen\"}]},{\"@type\":\"WebSite\",\"@id\":\"https:\\\/\\\/alfrescovillas.com\\\/de\\\/#website\",\"url\":\"https:\\\/\\\/alfrescovillas.com\\\/de\\\/\",\"name\":\"Alfresco Villas\",\"description\":\"Traumurlaub in Griechenland\",\"publisher\":{\"@id\":\"https:\\\/\\\/alfrescovillas.com\\\/de\\\/#organization\"},\"potentialAction\":[{\"@type\":\"SearchAction\",\"target\":{\"@type\":\"EntryPoint\",\"urlTemplate\":\"https:\\\/\\\/alfrescovillas.com\\\/de\\\/?s={search_term_string}\"},\"query-input\":{\"@type\":\"PropertyValueSpecification\",\"valueRequired\":true,\"valueName\":\"search_term_string\"}}],\"inLanguage\":\"de\"},{\"@type\":\"Organization\",\"@id\":\"https:\\\/\\\/alfrescovillas.com\\\/de\\\/#organization\",\"name\":\"Alfresco Villas\",\"url\":\"https:\\\/\\\/alfrescovillas.com\\\/de\\\/\",\"logo\":{\"@type\":\"ImageObject\",\"inLanguage\":\"de\",\"@id\":\"https:\\\/\\\/alfrescovillas.com\\\/de\\\/#\\\/schema\\\/logo\\\/image\\\/\",\"url\":\"https:\\\/\\\/alfrescovillas.com\\\/wp-content\\\/uploads\\\/2022\\\/02\\\/Alfresco-Villas-Logo-large.png\",\"contentUrl\":\"https:\\\/\\\/alfrescovillas.com\\\/wp-content\\\/uploads\\\/2022\\\/02\\\/Alfresco-Villas-Logo-large.png\",\"width\":355,\"height\":114,\"caption\":\"Alfresco Villas\"},\"image\":{\"@id\":\"https:\\\/\\\/alfrescovillas.com\\\/de\\\/#\\\/schema\\\/logo\\\/image\\\/\"}}]}<\/script>\n<!-- \/ Yoast SEO plugin. -->","yoast_head_json":{"title":"Buchen | Alfresco Villas","robots":{"index":"index","follow":"follow","max-snippet":"max-snippet:-1","max-image-preview":"max-image-preview:large","max-video-preview":"max-video-preview:-1"},"canonical":"https:\/\/alfrescovillas.com\/de\/buchen\/","og_locale":"de_DE","og_type":"article","og_title":"Buchen | Alfresco Villas","og_url":"https:\/\/alfrescovillas.com\/de\/buchen\/","og_site_name":"Alfresco Villas","article_modified_time":"2025-07-17T07:52:44+00:00","twitter_card":"summary_large_image","twitter_misc":{"Gesch\u00e4tzte Lesezeit":"1\u00a0Minute"},"schema":{"@context":"https:\/\/schema.org","@graph":[{"@type":"WebPage","@id":"https:\/\/alfrescovillas.com\/de\/buchen\/","url":"https:\/\/alfrescovillas.com\/de\/buchen\/","name":"Buchen | Alfresco Villas","isPartOf":{"@id":"https:\/\/alfrescovillas.com\/de\/#website"},"datePublished":"2023-05-13T11:01:40+00:00","dateModified":"2025-07-17T07:52:44+00:00","breadcrumb":{"@id":"https:\/\/alfrescovillas.com\/de\/buchen\/#breadcrumb"},"inLanguage":"de","potentialAction":[{"@type":"ReadAction","target":["https:\/\/alfrescovillas.com\/de\/buchen\/"]}]},{"@type":"BreadcrumbList","@id":"https:\/\/alfrescovillas.com\/de\/buchen\/#breadcrumb","itemListElement":[{"@type":"ListItem","position":1,"name":"Home","item":"https:\/\/alfrescovillas.com\/de\/"},{"@type":"ListItem","position":2,"name":"Buchen"}]},{"@type":"WebSite","@id":"https:\/\/alfrescovillas.com\/de\/#website","url":"https:\/\/alfrescovillas.com\/de\/","name":"Alfresco Villas","description":"Traumurlaub in Griechenland","publisher":{"@id":"https:\/\/alfrescovillas.com\/de\/#organization"},"potentialAction":[{"@type":"SearchAction","target":{"@type":"EntryPoint","urlTemplate":"https:\/\/alfrescovillas.com\/de\/?s={search_term_string}"},"query-input":{"@type":"PropertyValueSpecification","valueRequired":true,"valueName":"search_term_string"}}],"inLanguage":"de"},{"@type":"Organization","@id":"https:\/\/alfrescovillas.com\/de\/#organization","name":"Alfresco Villas","url":"https:\/\/alfrescovillas.com\/de\/","logo":{"@type":"ImageObject","inLanguage":"de","@id":"https:\/\/alfrescovillas.com\/de\/#\/schema\/logo\/image\/","url":"https:\/\/alfrescovillas.com\/wp-content\/uploads\/2022\/02\/Alfresco-Villas-Logo-large.png","contentUrl":"https:\/\/alfrescovillas.com\/wp-content\/uploads\/2022\/02\/Alfresco-Villas-Logo-large.png","width":355,"height":114,"caption":"Alfresco Villas"},"image":{"@id":"https:\/\/alfrescovillas.com\/de\/#\/schema\/logo\/image\/"}}]}},"_links":{"self":[{"href":"https:\/\/alfrescovillas.com\/de\/wp-json\/wp\/v2\/pages\/5559","targetHints":{"allow":["GET"]}}],"collection":[{"href":"https:\/\/alfrescovillas.com\/de\/wp-json\/wp\/v2\/pages"}],"about":[{"href":"https:\/\/alfrescovillas.com\/de\/wp-json\/wp\/v2\/types\/page"}],"author":[{"embeddable":true,"href":"https:\/\/alfrescovillas.com\/de\/wp-json\/wp\/v2\/users\/1"}],"replies":[{"embeddable":true,"href":"https:\/\/alfrescovillas.com\/de\/wp-json\/wp\/v2\/comments?post=5559"}],"version-history":[{"count":110,"href":"https:\/\/alfrescovillas.com\/de\/wp-json\/wp\/v2\/pages\/5559\/revisions"}],"predecessor-version":[{"id":7827,"href":"https:\/\/alfrescovillas.com\/de\/wp-json\/wp\/v2\/pages\/5559\/revisions\/7827"}],"wp:attachment":[{"href":"https:\/\/alfrescovillas.com\/de\/wp-json\/wp\/v2\/media?parent=5559"}],"curies":[{"name":"wp","href":"https:\/\/api.w.org\/{rel}","templated":true}]}}