{"id":3269,"date":"2022-01-27T19:45:51","date_gmt":"2022-01-27T18:45:51","guid":{"rendered":"https:\/\/alfrescovillas.com\/hausordnung-mietbedingungen\/"},"modified":"2023-05-14T13:52:49","modified_gmt":"2023-05-14T11:52:49","slug":"hausordnung-mietbedingungen","status":"publish","type":"page","link":"https:\/\/alfrescovillas.com\/de\/hausordnung-mietbedingungen\/","title":{"rendered":"Hausordnung &amp; Mietbedingungen"},"content":{"rendered":"<div class=\"fusion-fullwidth fullwidth-box fusion-builder-row-1 fusion-flex-container nonhundred-percent-fullwidth non-hundred-percent-height-scrolling\" style=\"--awb-border-radius-top-left:0px;--awb-border-radius-top-right:0px;--awb-border-radius-bottom-right:0px;--awb-border-radius-bottom-left:0px;--awb-flex-wrap:wrap;\" ><div class=\"fusion-builder-row fusion-row fusion-flex-align-items-flex-start fusion-flex-content-wrap\" style=\"max-width:1248px;margin-left: calc(-4% \/ 2 );margin-right: calc(-4% \/ 2 );\"><div class=\"fusion-layout-column fusion_builder_column fusion-builder-column-0 fusion_builder_column_1_1 1_1 fusion-flex-column\" style=\"--awb-bg-size:cover;--awb-width-large:100%;--awb-margin-top-large:0px;--awb-spacing-right-large:1.92%;--awb-margin-bottom-large:20px;--awb-spacing-left-large:1.92%;--awb-width-medium:100%;--awb-order-medium:0;--awb-spacing-right-medium:1.92%;--awb-spacing-left-medium:1.92%;--awb-width-small:100%;--awb-order-small:0;--awb-spacing-right-small:1.92%;--awb-spacing-left-small:1.92%;\"><div class=\"fusion-column-wrapper fusion-column-has-shadow fusion-flex-justify-content-flex-start fusion-content-layout-column\"><div class=\"fusion-text fusion-text-1\" style=\"--awb-text-transform:none;\"><p>Seit Oktober 2020 sind wir stolze Besitzer der Alfresco Villas (Villa Nirvana und Villa Tranquility). Es versteht sich von selbst, dass wir uns gut um sie k\u00fcmmern. Daher ist die Anmietung der Villa(s) mit einer Reihe von Regeln verbunden. Bitte lesen Sie die folgenden Hausregeln und Bedingungen sorgf\u00e4ltig durch.<\/p>\n<ol>\n<li><strong>Allgemein <\/strong><\/li>\n<\/ol>\n<p>Diese Hausordnung und Mietbedingungen sind Teil des Mietvertrages zwischen Ihnen und uns. Durch Ihre Zahlung erkl\u00e4ren Sie sich mit den unten beschriebenen Bedingungen und Regeln einverstanden.<\/p>\n<ol start=\"2\">\n<li><strong>Haftung des Vermieters <\/strong><\/li>\n<\/ol>\n<p>Wir sind unter keinen Umst\u00e4nden haftbar f\u00fcr:<\/p>\n<ul>\n<li>Jegliche Unterbrechung, \u00c4nderung oder Verhinderung des Aufenthalts des Mieters, wenn dies auf unvorhergesehene und\/oder un\u00fcberwindbare Ereignisse zur\u00fcckzuf\u00fchren ist;<\/li>\n<li>Verletzungen des Mieters als Folge des Aufenthalts im Mietobjekt;<\/li>\n<li>Verlust, Diebstahl und Besch\u00e4digung von\/an pers\u00f6nlichen Gegenst\u00e4nden oder Fahrzeugen des Mieters;<\/li>\n<li>Unterbrechung von Versorgungsleistungen (Wasser und Strom);<\/li>\n<li>Einlaufen von Kleidungsst\u00fccken, die durch das Waschen in der Waschmaschine oder im Trockner verursacht wird.<\/li>\n<\/ul>\n<ol start=\"3\">\n<li><strong>Stornierung durch den Mieter <\/strong><\/li>\n<\/ol>\n<p>Eine Stornierung muss uns <a href=\"tel:0031655892609\">per Telefon<\/a> oder <a href=\"mailto:info@alfrescovillas.com?subject=%20Cancellation\">E-Mail<\/a> mitgeteilt werden. In Anbetracht der Covid-19-Pandemie sind wir bei Stornierungen sehr nachsichtig. Ihre Buchung ist endg\u00fcltig, wenn wir innerhalb von 7 Tagen nach der Buchung 10% der Buchungskosten erhalten haben. Sie k\u00f6nnen bis zu 28 Tage vor dem Anreisedatum kostenlos stornieren und setzen Ihre Anzahlung in einen Gutschein um.<\/p>\n<p>Im Falle einer Stornierung steht es uns frei, die Villa f\u00fcr den angegebenen Zeitraum anderen Mietern zur Verf\u00fcgung zu stellen. Wenn der Mieter die Villa vor Ablauf der Mietzeit verl\u00e4sst, gibt es keine R\u00fcckerstattung der Miete.<\/p>\n<ol start=\"4\">\n<li><strong>Stornierung durch den Vermieter <\/strong><\/li>\n<\/ol>\n<p>Wenn die Villa durch unvorhergesehene Umst\u00e4nde unbewohnbar wird, sind wir gezwungen, den Mietvertrag zu k\u00fcndigen, wovon der Mieter unverz\u00fcglich in Kenntnis gesetzt wird. Au\u00dferdem wird die bereits erhaltene Miete innerhalb von 10 Tagen zur\u00fcckerstattet. In diesem Fall kann der Vermieter niemals f\u00fcr eine Entsch\u00e4digung f\u00fcr eventuelle (Folge-)Sch\u00e4den und\/oder Unannehmlichkeiten haftbar gemacht werden.<\/p>\n<ol start=\"5\">\n<li><strong>Reinigung und Endreinigung <\/strong><\/li>\n<\/ol>\n<p>Die gemietete Ferienvilla wird nach Ihrer Abreise gereinigt. Wir bitten Sie, beim Verlassen der Villa die folgenden Dinge in Ordnung zu halten:<\/p>\n<ul>\n<li>Die Villa aufger\u00e4umt zu verlassen, d.h. alle Haushaltsgegenst\u00e4nde an ihren urspr\u00fcnglichen Platz zu stellen;<\/li>\n<li>Alles schmutzige Geschirr, Besteck usw. in den Geschirrsp\u00fcler zu stellen und diesen einzuschalten;<\/li>\n<li>Den Grill sauber zu hinterlassen;<\/li>\n<li>Alle Fenster und T\u00fcren zu schlie\u00dfen;<\/li>\n<li>Die Klimaanlagen abzuschalten;<\/li>\n<li>Die M\u00fclleimer zu entleeren;<\/li>\n<li>Die Endkontrolle wird von unserer Gastgeberin vor Ort durchgef\u00fchrt.<\/li>\n<\/ul>\n<ol start=\"6\">\n<li><strong>Maximale Anzahl von Bewohnern<\/strong><\/li>\n<\/ol>\n<p>Es d\u00fcrfen nicht mehr als 8 Personen in der Villa \u00fcbernachten. Bei \u00dcberschreitung dieser Zahl wird eine Geb\u00fchr von 250 Euro pro zus\u00e4tzlicher Person und Nacht erhoben.<\/p>\n<ol start=\"7\">\n<li><strong>W\u00e4sche <\/strong><\/li>\n<\/ol>\n<p>Bettw\u00e4sche, Handt\u00fccher und Strandt\u00fccher sind in der Villa vorhanden und m\u00fcssen bei der Abreise zur\u00fcckgelassen werden.<\/p>\n<ol start=\"8\">\n<li><strong>Elektrizit\u00e4t <\/strong><\/li>\n<\/ol>\n<p>Bitte achten Sie auf den Stromverbrauch. Schalten Sie die Klimaanlagen aus, wenn Sie die Villa verlassen. Benutzen Sie die Klimaanlagen nur bei geschlossenen Fenstern und T\u00fcren in den betreffenden Zimmern.<\/p>\n<ol start=\"9\">\n<li><strong>Wasser <\/strong><\/li>\n<\/ol>\n<p>Bitte gehen Sie sorgsam mit dem Wasserverbrauch um. Verschwenden Sie es nicht.<\/p>\n<ol start=\"10\">\n<li><strong>Rauchen<\/strong><\/li>\n<\/ol>\n<p>Das Rauchen ist in der gesamten Villa nicht gestattet. Bitte gehen Sie vorsichtig met Feuer um. Genie\u00dfen Sie das Grillen aber sorgen Sie bitte daf\u00fcr, dass es sicher verl\u00e4uft. Stellen Sie immer einen vollen Eimer Wasser neben den Grill.<\/p>\n<ol start=\"11\">\n<li><strong>Haustiere<\/strong><\/li>\n<\/ol>\n<p>Haustiere sind nicht erlaubt.<\/p>\n<ol start=\"12\">\n<li><strong>Partys<\/strong><\/li>\n<\/ol>\n<p>Partys, wie Hochzeiten und Junggesellenabschiede, sind nicht erlaubt.<\/p>\n<ol start=\"13\">\n<li><strong>Ankunft und Abreise <\/strong><\/li>\n<\/ol>\n<p>Sie k\u00f6nnen die Villa nach 15 Uhr beziehen. Der Treffpunkt ist der Parkplatz am Hafen in Sivota. Dort treffen Sie unsere Gastgeberin\/unseren Gastgeber, nachdem Sie sie\/ihn \u00fcber Ihre voraussichtliche Ankunftszeit informiert haben. Unsere Gastgeberin\/unser Gastgeber wird Sie zur Villa f\u00fchren und Ihnen alle wichtigen Informationen geben. Wird diese Prozedur nicht eingehalten, k\u00f6nnen wir nicht daf\u00fcr verantwortlich gemacht werden, dass der Mieter bei seiner Ankunft nicht in die Villa gelangen kann. Am Tag der Abreise m\u00fcssen Sie das Haus sp\u00e4testens um 10 Uhr verlassen. Bei der Abreise wird die Endkontrolle von unserer Gastgeberin\/unserem Gastgeber durchgef\u00fchrt. Sie\/er erh\u00e4lt auch die Schl\u00fcssel vom Mieter zur\u00fcck.<\/p>\n<ol start=\"14\">\n<li><strong>Nutzung und Haftung<\/strong><\/li>\n<\/ol>\n<p>Sie sind verantwortlich f\u00fcr die ordnungsgem\u00e4\u00dfe Nutzung der Villa. Darunter verstehen wir unter anderem:<\/p>\n<ul>\n<li>Verantwortungsvoller Umgang mit Feuer wie Kamin und Kerzenlicht;<\/li>\n<li>Unverz\u00fcgliche Meldung von Ungl\u00fccksf\u00e4llen und Sch\u00e4den an unsere Gastgeberin;<\/li>\n<li>Schadensersatz bei Bruch oder Verlust von Waren oder Sch\u00e4den am Inventar oder der Villa.<\/li>\n<\/ul>\n<p>Wir w\u00fcnschen Ihnen einen angenehmen Aufenthalt und einen unvergesslichen Urlaub in Alfresco Villas.<\/p>\n<p>Mit freundlichen Gr\u00fc\u00dfen,<\/p>\n<p><strong>Alfresco Villas<\/strong><\/p>\n<p>Marjon Jager | Harm-Peter Post | Villa Nirvana<br \/>\nAnnemiek Brink-ten Have | Villa Tranquility<\/p>\n<p>Telefon: <a href=\"tel:0031655892609\">+31 6 55 892 609<\/a><br \/>\nE-Mail: <a href=\"mailto:marjonjager@alfresovillas.com\">marjonjager@alfresovillas.com<\/a><\/p>\n<\/div><\/div><\/div><\/div><\/div>\n","protected":false},"excerpt":{"rendered":"","protected":false},"author":1,"featured_media":0,"parent":0,"menu_order":0,"comment_status":"closed","ping_status":"closed","template":"","meta":{"_joinchat":[],"footnotes":""},"class_list":["post-3269","page","type-page","status-publish","hentry"],"yoast_head":"<!-- This site is optimized with the Yoast SEO plugin v27.2 - https:\/\/yoast.com\/product\/yoast-seo-wordpress\/ -->\n<title>Hausordnung &amp; Mietbedingungen | Alfresco Villas<\/title>\n<meta name=\"robots\" content=\"index, follow, max-snippet:-1, max-image-preview:large, max-video-preview:-1\" \/>\n<link rel=\"canonical\" href=\"https:\/\/alfrescovillas.com\/de\/hausordnung-mietbedingungen\/\" \/>\n<meta property=\"og:locale\" content=\"de_DE\" \/>\n<meta property=\"og:type\" content=\"article\" \/>\n<meta property=\"og:title\" content=\"Hausordnung &amp; Mietbedingungen | Alfresco Villas\" \/>\n<meta property=\"og:url\" content=\"https:\/\/alfrescovillas.com\/de\/hausordnung-mietbedingungen\/\" \/>\n<meta property=\"og:site_name\" content=\"Alfresco Villas\" \/>\n<meta property=\"article:modified_time\" content=\"2023-05-14T11:52:49+00:00\" \/>\n<meta name=\"twitter:card\" content=\"summary_large_image\" \/>\n<meta name=\"twitter:label1\" content=\"Gesch\u00e4tzte Lesezeit\" \/>\n\t<meta name=\"twitter:data1\" content=\"6\u00a0Minuten\" \/>\n<script type=\"application\/ld+json\" class=\"yoast-schema-graph\">{\"@context\":\"https:\/\/schema.org\",\"@graph\":[{\"@type\":\"WebPage\",\"@id\":\"https:\/\/alfrescovillas.com\/de\/hausordnung-mietbedingungen\/\",\"url\":\"https:\/\/alfrescovillas.com\/de\/hausordnung-mietbedingungen\/\",\"name\":\"Hausordnung &amp; Mietbedingungen | Alfresco Villas\",\"isPartOf\":{\"@id\":\"https:\/\/alfrescovillas.com\/de\/#website\"},\"datePublished\":\"2022-01-27T18:45:51+00:00\",\"dateModified\":\"2023-05-14T11:52:49+00:00\",\"breadcrumb\":{\"@id\":\"https:\/\/alfrescovillas.com\/de\/hausordnung-mietbedingungen\/#breadcrumb\"},\"inLanguage\":\"de\",\"potentialAction\":[{\"@type\":\"ReadAction\",\"target\":[\"https:\/\/alfrescovillas.com\/de\/hausordnung-mietbedingungen\/\"]}]},{\"@type\":\"BreadcrumbList\",\"@id\":\"https:\/\/alfrescovillas.com\/de\/hausordnung-mietbedingungen\/#breadcrumb\",\"itemListElement\":[{\"@type\":\"ListItem\",\"position\":1,\"name\":\"Home\",\"item\":\"https:\/\/alfrescovillas.com\/de\/\"},{\"@type\":\"ListItem\",\"position\":2,\"name\":\"Hausordnung &amp; Mietbedingungen\"}]},{\"@type\":\"WebSite\",\"@id\":\"https:\/\/alfrescovillas.com\/de\/#website\",\"url\":\"https:\/\/alfrescovillas.com\/de\/\",\"name\":\"Alfresco Villas\",\"description\":\"Traumurlaub in Griechenland\",\"publisher\":{\"@id\":\"https:\/\/alfrescovillas.com\/de\/#organization\"},\"potentialAction\":[{\"@type\":\"SearchAction\",\"target\":{\"@type\":\"EntryPoint\",\"urlTemplate\":\"https:\/\/alfrescovillas.com\/de\/?s={search_term_string}\"},\"query-input\":{\"@type\":\"PropertyValueSpecification\",\"valueRequired\":true,\"valueName\":\"search_term_string\"}}],\"inLanguage\":\"de\"},{\"@type\":\"Organization\",\"@id\":\"https:\/\/alfrescovillas.com\/de\/#organization\",\"name\":\"Alfresco Villas\",\"url\":\"https:\/\/alfrescovillas.com\/de\/\",\"logo\":{\"@type\":\"ImageObject\",\"inLanguage\":\"de\",\"@id\":\"https:\/\/alfrescovillas.com\/de\/#\/schema\/logo\/image\/\",\"url\":\"https:\/\/alfrescovillas.com\/wp-content\/uploads\/2022\/02\/Alfresco-Villas-Logo-large.png\",\"contentUrl\":\"https:\/\/alfrescovillas.com\/wp-content\/uploads\/2022\/02\/Alfresco-Villas-Logo-large.png\",\"width\":355,\"height\":114,\"caption\":\"Alfresco Villas\"},\"image\":{\"@id\":\"https:\/\/alfrescovillas.com\/de\/#\/schema\/logo\/image\/\"}}]}<\/script>\n<!-- \/ Yoast SEO plugin. -->","yoast_head_json":{"title":"Hausordnung &amp; Mietbedingungen | Alfresco Villas","robots":{"index":"index","follow":"follow","max-snippet":"max-snippet:-1","max-image-preview":"max-image-preview:large","max-video-preview":"max-video-preview:-1"},"canonical":"https:\/\/alfrescovillas.com\/de\/hausordnung-mietbedingungen\/","og_locale":"de_DE","og_type":"article","og_title":"Hausordnung &amp; Mietbedingungen | Alfresco Villas","og_url":"https:\/\/alfrescovillas.com\/de\/hausordnung-mietbedingungen\/","og_site_name":"Alfresco Villas","article_modified_time":"2023-05-14T11:52:49+00:00","twitter_card":"summary_large_image","twitter_misc":{"Gesch\u00e4tzte Lesezeit":"6\u00a0Minuten"},"schema":{"@context":"https:\/\/schema.org","@graph":[{"@type":"WebPage","@id":"https:\/\/alfrescovillas.com\/de\/hausordnung-mietbedingungen\/","url":"https:\/\/alfrescovillas.com\/de\/hausordnung-mietbedingungen\/","name":"Hausordnung &amp; Mietbedingungen | Alfresco Villas","isPartOf":{"@id":"https:\/\/alfrescovillas.com\/de\/#website"},"datePublished":"2022-01-27T18:45:51+00:00","dateModified":"2023-05-14T11:52:49+00:00","breadcrumb":{"@id":"https:\/\/alfrescovillas.com\/de\/hausordnung-mietbedingungen\/#breadcrumb"},"inLanguage":"de","potentialAction":[{"@type":"ReadAction","target":["https:\/\/alfrescovillas.com\/de\/hausordnung-mietbedingungen\/"]}]},{"@type":"BreadcrumbList","@id":"https:\/\/alfrescovillas.com\/de\/hausordnung-mietbedingungen\/#breadcrumb","itemListElement":[{"@type":"ListItem","position":1,"name":"Home","item":"https:\/\/alfrescovillas.com\/de\/"},{"@type":"ListItem","position":2,"name":"Hausordnung &amp; Mietbedingungen"}]},{"@type":"WebSite","@id":"https:\/\/alfrescovillas.com\/de\/#website","url":"https:\/\/alfrescovillas.com\/de\/","name":"Alfresco Villas","description":"Traumurlaub in Griechenland","publisher":{"@id":"https:\/\/alfrescovillas.com\/de\/#organization"},"potentialAction":[{"@type":"SearchAction","target":{"@type":"EntryPoint","urlTemplate":"https:\/\/alfrescovillas.com\/de\/?s={search_term_string}"},"query-input":{"@type":"PropertyValueSpecification","valueRequired":true,"valueName":"search_term_string"}}],"inLanguage":"de"},{"@type":"Organization","@id":"https:\/\/alfrescovillas.com\/de\/#organization","name":"Alfresco Villas","url":"https:\/\/alfrescovillas.com\/de\/","logo":{"@type":"ImageObject","inLanguage":"de","@id":"https:\/\/alfrescovillas.com\/de\/#\/schema\/logo\/image\/","url":"https:\/\/alfrescovillas.com\/wp-content\/uploads\/2022\/02\/Alfresco-Villas-Logo-large.png","contentUrl":"https:\/\/alfrescovillas.com\/wp-content\/uploads\/2022\/02\/Alfresco-Villas-Logo-large.png","width":355,"height":114,"caption":"Alfresco Villas"},"image":{"@id":"https:\/\/alfrescovillas.com\/de\/#\/schema\/logo\/image\/"}}]}},"_links":{"self":[{"href":"https:\/\/alfrescovillas.com\/de\/wp-json\/wp\/v2\/pages\/3269","targetHints":{"allow":["GET"]}}],"collection":[{"href":"https:\/\/alfrescovillas.com\/de\/wp-json\/wp\/v2\/pages"}],"about":[{"href":"https:\/\/alfrescovillas.com\/de\/wp-json\/wp\/v2\/types\/page"}],"author":[{"embeddable":true,"href":"https:\/\/alfrescovillas.com\/de\/wp-json\/wp\/v2\/users\/1"}],"replies":[{"embeddable":true,"href":"https:\/\/alfrescovillas.com\/de\/wp-json\/wp\/v2\/comments?post=3269"}],"version-history":[{"count":3,"href":"https:\/\/alfrescovillas.com\/de\/wp-json\/wp\/v2\/pages\/3269\/revisions"}],"predecessor-version":[{"id":5693,"href":"https:\/\/alfrescovillas.com\/de\/wp-json\/wp\/v2\/pages\/3269\/revisions\/5693"}],"wp:attachment":[{"href":"https:\/\/alfrescovillas.com\/de\/wp-json\/wp\/v2\/media?parent=3269"}],"curies":[{"name":"wp","href":"https:\/\/api.w.org\/{rel}","templated":true}]}}