{"id":1480,"date":"2021-12-27T19:43:34","date_gmt":"2021-12-27T18:43:34","guid":{"rendered":"https:\/\/alfrescovillas.com\/datenschutzerklaerung\/"},"modified":"2022-02-24T17:04:19","modified_gmt":"2022-02-24T16:04:19","slug":"datenschutzerklaerung","status":"publish","type":"page","link":"https:\/\/alfrescovillas.com\/de\/datenschutzerklaerung\/","title":{"rendered":"Datenschutzerkl\u00e4rung"},"content":{"rendered":"<div class=\"fusion-fullwidth fullwidth-box fusion-builder-row-1 fusion-flex-container nonhundred-percent-fullwidth non-hundred-percent-height-scrolling\" style=\"--awb-border-radius-top-left:0px;--awb-border-radius-top-right:0px;--awb-border-radius-bottom-right:0px;--awb-border-radius-bottom-left:0px;--awb-flex-wrap:wrap;\" ><div class=\"fusion-builder-row fusion-row fusion-flex-align-items-flex-start fusion-flex-content-wrap\" style=\"max-width:1248px;margin-left: calc(-4% \/ 2 );margin-right: calc(-4% \/ 2 );\"><div class=\"fusion-layout-column fusion_builder_column fusion-builder-column-0 fusion_builder_column_1_1 1_1 fusion-flex-column\" style=\"--awb-bg-size:cover;--awb-width-large:100%;--awb-margin-top-large:0px;--awb-spacing-right-large:1.92%;--awb-margin-bottom-large:20px;--awb-spacing-left-large:1.92%;--awb-width-medium:100%;--awb-order-medium:0;--awb-spacing-right-medium:1.92%;--awb-spacing-left-medium:1.92%;--awb-width-small:100%;--awb-order-small:0;--awb-spacing-right-small:1.92%;--awb-spacing-left-small:1.92%;\"><div class=\"fusion-column-wrapper fusion-column-has-shadow fusion-flex-justify-content-flex-start fusion-content-layout-column\"><div class=\"fusion-text fusion-text-1\" style=\"--awb-text-transform:none;\"><p><strong>Alfresco Villen kann die folgenden Arten von personenbezogenen Daten erfassen und verwenden:<\/strong><\/p>\n<ul>\n<li>Informationen, die Sie uns zum Zweck der Abwicklung eines Gesch\u00e4ftsvorgangs zur Verf\u00fcgung stellen.<\/li>\n<li>Informationen, die Sie uns \u00fcber Kontaktformulare oder externe Downloads zur Verf\u00fcgung stellen, wie z. B. Name, E-Mail-Adresse, Telefonnummer, Postanschrift und Unternehmen, um Informationen \u00fcber unsere Software oder Dienstleistungen anzufordern.<\/li>\n<li>Soweit zul\u00e4ssig, kann Alfresco Villen Informationen \u00fcber bestimmte Personen und Unternehmen sammeln, die von anderen Parteien stammen. Dies hilft uns, unsere Aufzeichnungen auf dem neuesten Stand zu halten, sie zu erweitern und zu analysieren. Und auch, um neue Kunden zu identifizieren und ihnen Produkte und Dienstleistungen anzubieten, die f\u00fcr sie von Interesse sein k\u00f6nnten.<\/li>\n<\/ul>\n<p><strong>Alfresco Villen kann Ihre pers\u00f6nlichen Daten verwenden, um:<\/strong><\/p>\n<ul>\n<li>Bearbeitung Ihrer Anfrage \u00fcber unsere Software oder Dienstleistungen, einschlie\u00dflich des Herunterladens von White Papers.<\/li>\n<li>Ihre Ausz\u00fcge, Rechnungen oder Zahlungen sammeln oder Ihnen zusenden.<\/li>\n<li>Ihnen relevante Marketingmitteilungen zukommen zu lassen, wie z. B. E-Mail-Newsletter, Marketinginformationen, Angebote zu Dienstleistungen. Alles in \u00dcbereinstimmung mit neuen Gesetzen oder auf Ihren Wunsch hin.<\/li>\n<\/ul>\n<p><strong>Andere Websites<\/strong><br \/>\nUnsere Website enth\u00e4lt Links zu anderen Websites. Unsere Datenschutzpolitik gilt nur f\u00fcr die Webseiten von Alfresco Villen. Wenn Sie Links verwenden, um andere Websites zu besuchen, sollten Sie auch deren Datenschutzrichtlinien konsultieren, wenn Sie sich vollst\u00e4ndig \u00fcber deren Datenschutzpolitik informieren m\u00f6chten.<\/p>\n<p><strong>Cookies<\/strong><br \/>\nWenn Sie die Website von Alfresco Villa besuchen, wird eine kleine Datei auf der Festplatte Ihres Computers gespeichert. Diese so genannten Cookies verbessern die Funktionalit\u00e4t und Ihre Benutzerfreundlichkeit, indem sie Informationen wie Ihre Website-Pr\u00e4ferenzen speichern. Dies erleichtert Ihnen das Einloggen und die k\u00fcnftige Nutzung der Website. Cookies identifizieren einen Benutzer nicht pers\u00f6nlich, aber sie identifizieren den Computer eines Benutzers. Die meisten Webbrowser akzeptieren Cookies automatisch, aber wenn Sie es w\u00fcnschen, k\u00f6nnen Sie Ihren Browser so einstellen, dass er die automatische Annahme verweigert. Wenn Sie jedoch Cookies deaktivieren, k\u00f6nnen Sie m\u00f6glicherweise auf einige Funktionen unserer Websites nicht zugreifen.<\/p>\n<p><strong>Die Websites von Alfresco Vilen k\u00f6nnen Cookies f\u00fcr diese Zwecke verwenden:<\/strong><\/p>\n<ul>\n<li>Analyse &#8211; durch die Verfolgung der Nutzeraktivit\u00e4ten auf der Website k\u00f6nnen wir die Nutzererfahrung verbessern.<\/li>\n<li>Speichern Sie Ihre bereits ausgef\u00fcllten Formulare &#8211; so sparen Sie Zeit beim Ausf\u00fcllen neuer Formulare.<\/li>\n<\/ul>\n<p><strong>Socialen Medien<\/strong><br \/>\nUnsere Website enth\u00e4lt Schaltfl\u00e4chen zum Teilen von sozialen Medien (so genannte Widgets), die von einem Drittanbieter namens &#8222;Addthis&#8220; gehostet werden. Diese Widgets k\u00f6nnen Ihre IP-Adresse erfassen, die von Ihnen besuchten Seiten nachverfolgen und m\u00f6glicherweise auch ein Cookie auf Ihrem Computer setzen, um die ordnungsgem\u00e4\u00dfe Funktionalit\u00e4t zu erm\u00f6glichen. Ihre Interaktion mit diesen Funktionen wird von dem Unternehmen kontrolliert, das sie anbietet. F\u00fcr weitere Informationen besuchen Sie bitte die Website des jeweiligen Unternehmens.<\/p>\n<p><strong>Google Analytics<\/strong><br \/>\nWir verfolgen die Seiten, die Sie besuchen, mit Google Analytics. Wir sammeln gesammelte Daten, um zu \u00fcberwachen, wie unsere Website funktioniert und wie wir Ihr Online-Erlebnis verbessern k\u00f6nnen.<\/p>\n<p><strong>Wiedervermarktung von Google AdWords<\/strong><br \/>\nAlfresco Villen nutzt den Remarketing-Service von Google AdWords, um auf externen Websites zu werben. Dadurch wird sichergestellt, dass unsere Website-Besucher nur die relevanten Anzeigen sehen. Alle gesammelten Daten werden in \u00dcbereinstimmung mit den Datenschutzbestimmungen von Google verwendet. Sie k\u00f6nnen Ihre pers\u00f6nlichen Einstellungen auf der Seite mit den Google-Anzeigenvorgaben anpassen. Hier k\u00f6nnen Sie diese auf Ihre Interessen zugeschnittene Werbung auch komplett abw\u00e4hlen.<\/p>\n<p><strong>Verwendung des Facebook-Pixels<\/strong><br \/>\nAlfresco Villen verwendet das Facebook Custom Audience Tool, um Ihr Verhalten auf Facebook zu verfolgen. Facebook verkn\u00fcpft Ihre E-Mail-Adresse mit einer eindeutigen Nummer, die verwendet wird, um Ihnen die am besten geeigneten Anzeigen zu zeigen. So k\u00f6nnen wir Ihnen den bestm\u00f6glichen Service bieten. Wir geben keine pers\u00f6nlichen Informationen an andere Parteien weiter.<\/p>\n<p><strong>Sicherheit<\/strong><br \/>\nAlle pers\u00f6nlichen Daten, die Sie uns zur Verf\u00fcgung stellen, werden sicher und vertraulich behandelt. Alfresco Villas wird Ihre Daten nicht an Dritte weitergeben. Wir befolgen die Industriestandards zum Schutz der uns zur Verf\u00fcgung gestellten Informationen. Wir speichern alle Ihre Daten sicher, sowohl w\u00e4hrend der \u00dcbermittlung als auch nach dem Empfang. Dies sch\u00fctzt Ihre Daten vor Verlust, Missbrauch und unbefugtem Zugriff, Offenlegung, \u00c4nderung oder Zerst\u00f6rung. Wir k\u00f6nnen jedoch nicht garantieren, dass wir jedes Risiko des Missbrauchs Ihrer pers\u00f6nlichen Daten durch andere Personen mit b\u00f6swilligen Absichten ausschlie\u00dfen k\u00f6nnen. Bitte bewahren Sie Ihre eigenen Anmeldedaten an einem sicheren Ort auf und setzen Sie sich unverz\u00fcglich mit uns in Verbindung, wenn Sie von einer unbefugten Nutzung Ihrer Anmeldedaten oder einer anderen Verletzung der Sicherheit Kenntnis erhalten.<\/p>\n<p>Wir k\u00f6nnen Ihre pers\u00f6nlichen Daten und\/oder Benutzerinformationen offenlegen, wenn wir von der Polizei oder einer anderen Aufsichts- oder Regierungsbeh\u00f6rde, die mutma\u00dfliche illegale Aktivit\u00e4ten untersucht, dazu aufgefordert werden.<\/p>\n<p><strong>Aktualisierungen dieser Politik<\/strong><br \/>\nAlfresco Villas kann diese Datenschutzrichtlinie aktualisieren, indem eine neue Version auf dieser Website ver\u00f6ffentlicht wird; die aktuellste Version unserer Richtlinie finden Sie auf unserer Website.<\/p>\n<p><strong>Kontakt<\/strong><br \/>\nWenn Sie sich mit Alfresco Villas in Bezug auf einen Aspekt unserer Datenschutzpolitik in Verbindung setzen m\u00f6chten, verwenden Sie bitte die nachstehenden Informationen.<\/p>\n<p><strong>Inhaber der Datenverarbeitung<\/strong><\/p>\n<p>Marjon Jager | Thorbeckewal 18 | 8011 WC ZWOLLE | Tel. +31655892609 | E-Mail: info@alfrescovillas.com +31655892609 | E-Mail: info@alfrescovillas.com<\/p>\n<\/div><\/div><\/div><\/div><\/div>\n","protected":false},"excerpt":{"rendered":"","protected":false},"author":1,"featured_media":0,"parent":0,"menu_order":0,"comment_status":"closed","ping_status":"closed","template":"","meta":{"_joinchat":[],"footnotes":""},"class_list":["post-1480","page","type-page","status-publish","hentry"],"yoast_head":"<!-- This site is optimized with the Yoast SEO plugin v27.3 - https:\/\/yoast.com\/product\/yoast-seo-wordpress\/ -->\n<title>Datenschutzerkl\u00e4rung | Alfresco Villas<\/title>\n<meta name=\"robots\" content=\"index, follow, max-snippet:-1, max-image-preview:large, max-video-preview:-1\" \/>\n<link rel=\"canonical\" href=\"https:\/\/alfrescovillas.com\/de\/datenschutzerklaerung\/\" \/>\n<meta property=\"og:locale\" content=\"de_DE\" \/>\n<meta property=\"og:type\" content=\"article\" \/>\n<meta property=\"og:title\" content=\"Datenschutzerkl\u00e4rung | Alfresco Villas\" \/>\n<meta property=\"og:url\" content=\"https:\/\/alfrescovillas.com\/de\/datenschutzerklaerung\/\" \/>\n<meta property=\"og:site_name\" content=\"Alfresco Villas\" \/>\n<meta property=\"article:modified_time\" content=\"2022-02-24T16:04:19+00:00\" \/>\n<meta name=\"twitter:card\" content=\"summary_large_image\" \/>\n<meta name=\"twitter:label1\" content=\"Gesch\u00e4tzte Lesezeit\" \/>\n\t<meta name=\"twitter:data1\" content=\"7\u00a0Minuten\" \/>\n<script type=\"application\/ld+json\" class=\"yoast-schema-graph\">{\"@context\":\"https:\\\/\\\/schema.org\",\"@graph\":[{\"@type\":\"WebPage\",\"@id\":\"https:\\\/\\\/alfrescovillas.com\\\/de\\\/datenschutzerklaerung\\\/\",\"url\":\"https:\\\/\\\/alfrescovillas.com\\\/de\\\/datenschutzerklaerung\\\/\",\"name\":\"Datenschutzerkl\u00e4rung | Alfresco Villas\",\"isPartOf\":{\"@id\":\"https:\\\/\\\/alfrescovillas.com\\\/de\\\/#website\"},\"datePublished\":\"2021-12-27T18:43:34+00:00\",\"dateModified\":\"2022-02-24T16:04:19+00:00\",\"breadcrumb\":{\"@id\":\"https:\\\/\\\/alfrescovillas.com\\\/de\\\/datenschutzerklaerung\\\/#breadcrumb\"},\"inLanguage\":\"de\",\"potentialAction\":[{\"@type\":\"ReadAction\",\"target\":[\"https:\\\/\\\/alfrescovillas.com\\\/de\\\/datenschutzerklaerung\\\/\"]}]},{\"@type\":\"BreadcrumbList\",\"@id\":\"https:\\\/\\\/alfrescovillas.com\\\/de\\\/datenschutzerklaerung\\\/#breadcrumb\",\"itemListElement\":[{\"@type\":\"ListItem\",\"position\":1,\"name\":\"Home\",\"item\":\"https:\\\/\\\/alfrescovillas.com\\\/de\\\/\"},{\"@type\":\"ListItem\",\"position\":2,\"name\":\"Datenschutzerkl\u00e4rung\"}]},{\"@type\":\"WebSite\",\"@id\":\"https:\\\/\\\/alfrescovillas.com\\\/de\\\/#website\",\"url\":\"https:\\\/\\\/alfrescovillas.com\\\/de\\\/\",\"name\":\"Alfresco Villas\",\"description\":\"Traumurlaub in Griechenland\",\"publisher\":{\"@id\":\"https:\\\/\\\/alfrescovillas.com\\\/de\\\/#organization\"},\"potentialAction\":[{\"@type\":\"SearchAction\",\"target\":{\"@type\":\"EntryPoint\",\"urlTemplate\":\"https:\\\/\\\/alfrescovillas.com\\\/de\\\/?s={search_term_string}\"},\"query-input\":{\"@type\":\"PropertyValueSpecification\",\"valueRequired\":true,\"valueName\":\"search_term_string\"}}],\"inLanguage\":\"de\"},{\"@type\":\"Organization\",\"@id\":\"https:\\\/\\\/alfrescovillas.com\\\/de\\\/#organization\",\"name\":\"Alfresco Villas\",\"url\":\"https:\\\/\\\/alfrescovillas.com\\\/de\\\/\",\"logo\":{\"@type\":\"ImageObject\",\"inLanguage\":\"de\",\"@id\":\"https:\\\/\\\/alfrescovillas.com\\\/de\\\/#\\\/schema\\\/logo\\\/image\\\/\",\"url\":\"https:\\\/\\\/alfrescovillas.com\\\/wp-content\\\/uploads\\\/2022\\\/02\\\/Alfresco-Villas-Logo-large.png\",\"contentUrl\":\"https:\\\/\\\/alfrescovillas.com\\\/wp-content\\\/uploads\\\/2022\\\/02\\\/Alfresco-Villas-Logo-large.png\",\"width\":355,\"height\":114,\"caption\":\"Alfresco Villas\"},\"image\":{\"@id\":\"https:\\\/\\\/alfrescovillas.com\\\/de\\\/#\\\/schema\\\/logo\\\/image\\\/\"}}]}<\/script>\n<!-- \/ Yoast SEO plugin. -->","yoast_head_json":{"title":"Datenschutzerkl\u00e4rung | Alfresco Villas","robots":{"index":"index","follow":"follow","max-snippet":"max-snippet:-1","max-image-preview":"max-image-preview:large","max-video-preview":"max-video-preview:-1"},"canonical":"https:\/\/alfrescovillas.com\/de\/datenschutzerklaerung\/","og_locale":"de_DE","og_type":"article","og_title":"Datenschutzerkl\u00e4rung | Alfresco Villas","og_url":"https:\/\/alfrescovillas.com\/de\/datenschutzerklaerung\/","og_site_name":"Alfresco Villas","article_modified_time":"2022-02-24T16:04:19+00:00","twitter_card":"summary_large_image","twitter_misc":{"Gesch\u00e4tzte Lesezeit":"7\u00a0Minuten"},"schema":{"@context":"https:\/\/schema.org","@graph":[{"@type":"WebPage","@id":"https:\/\/alfrescovillas.com\/de\/datenschutzerklaerung\/","url":"https:\/\/alfrescovillas.com\/de\/datenschutzerklaerung\/","name":"Datenschutzerkl\u00e4rung | Alfresco Villas","isPartOf":{"@id":"https:\/\/alfrescovillas.com\/de\/#website"},"datePublished":"2021-12-27T18:43:34+00:00","dateModified":"2022-02-24T16:04:19+00:00","breadcrumb":{"@id":"https:\/\/alfrescovillas.com\/de\/datenschutzerklaerung\/#breadcrumb"},"inLanguage":"de","potentialAction":[{"@type":"ReadAction","target":["https:\/\/alfrescovillas.com\/de\/datenschutzerklaerung\/"]}]},{"@type":"BreadcrumbList","@id":"https:\/\/alfrescovillas.com\/de\/datenschutzerklaerung\/#breadcrumb","itemListElement":[{"@type":"ListItem","position":1,"name":"Home","item":"https:\/\/alfrescovillas.com\/de\/"},{"@type":"ListItem","position":2,"name":"Datenschutzerkl\u00e4rung"}]},{"@type":"WebSite","@id":"https:\/\/alfrescovillas.com\/de\/#website","url":"https:\/\/alfrescovillas.com\/de\/","name":"Alfresco Villas","description":"Traumurlaub in Griechenland","publisher":{"@id":"https:\/\/alfrescovillas.com\/de\/#organization"},"potentialAction":[{"@type":"SearchAction","target":{"@type":"EntryPoint","urlTemplate":"https:\/\/alfrescovillas.com\/de\/?s={search_term_string}"},"query-input":{"@type":"PropertyValueSpecification","valueRequired":true,"valueName":"search_term_string"}}],"inLanguage":"de"},{"@type":"Organization","@id":"https:\/\/alfrescovillas.com\/de\/#organization","name":"Alfresco Villas","url":"https:\/\/alfrescovillas.com\/de\/","logo":{"@type":"ImageObject","inLanguage":"de","@id":"https:\/\/alfrescovillas.com\/de\/#\/schema\/logo\/image\/","url":"https:\/\/alfrescovillas.com\/wp-content\/uploads\/2022\/02\/Alfresco-Villas-Logo-large.png","contentUrl":"https:\/\/alfrescovillas.com\/wp-content\/uploads\/2022\/02\/Alfresco-Villas-Logo-large.png","width":355,"height":114,"caption":"Alfresco Villas"},"image":{"@id":"https:\/\/alfrescovillas.com\/de\/#\/schema\/logo\/image\/"}}]}},"_links":{"self":[{"href":"https:\/\/alfrescovillas.com\/de\/wp-json\/wp\/v2\/pages\/1480","targetHints":{"allow":["GET"]}}],"collection":[{"href":"https:\/\/alfrescovillas.com\/de\/wp-json\/wp\/v2\/pages"}],"about":[{"href":"https:\/\/alfrescovillas.com\/de\/wp-json\/wp\/v2\/types\/page"}],"author":[{"embeddable":true,"href":"https:\/\/alfrescovillas.com\/de\/wp-json\/wp\/v2\/users\/1"}],"replies":[{"embeddable":true,"href":"https:\/\/alfrescovillas.com\/de\/wp-json\/wp\/v2\/comments?post=1480"}],"version-history":[{"count":5,"href":"https:\/\/alfrescovillas.com\/de\/wp-json\/wp\/v2\/pages\/1480\/revisions"}],"predecessor-version":[{"id":4132,"href":"https:\/\/alfrescovillas.com\/de\/wp-json\/wp\/v2\/pages\/1480\/revisions\/4132"}],"wp:attachment":[{"href":"https:\/\/alfrescovillas.com\/de\/wp-json\/wp\/v2\/media?parent=1480"}],"curies":[{"name":"wp","href":"https:\/\/api.w.org\/{rel}","templated":true}]}}